{"id":57052,"date":"2023-10-19T21:45:43","date_gmt":"2023-10-19T19:45:43","guid":{"rendered":"https:\/\/knapp.fondalabs.dev\/produkt\/zipbolt-ut-post-anchor\/"},"modified":"2025-02-28T11:17:56","modified_gmt":"2025-02-28T10:17:56","slug":"zipbolt-ut-post-anchor","status":"publish","type":"product","link":"https:\/\/knapp.fondalabs.dev\/en\/produkt\/zipbolt-ut-post-anchor\/","title":{"rendered":"ZIPBOLT\u2122 UT Post Anchor"},"content":{"rendered":"","protected":false},"excerpt":{"rendered":"","protected":false},"featured_media":51954,"template":"","meta":{"_acf_changed":false,"footnotes":""},"product_brand":[],"product_cat":[494],"product_tag":[],"class_list":{"0":"post-57052","1":"product","2":"type-product","3":"status-publish","4":"has-post-thumbnail","6":"product_cat-uncategorized","8":"first","9":"instock","10":"taxable","11":"shipping-taxable","12":"purchasable","13":"product-type-simple"},"acf":[],"yoast_head":"<!-- This site is optimized with the Yoast SEO plugin v25.8 - https:\/\/yoast.com\/wordpress\/plugins\/seo\/ -->\n<title>ZIPBOLT\u2122 UT Post Anchor - Knapp Connectors<\/title>\n<meta name=\"description\" content=\"Verbinder f\u00fcr 90\u00b0 Handl\u00e4ufe im Treppenbau. Der ZIPBOLT\u2122 UT Post Anchor f\u00fcr schnelle, stabile und pr\u00e4zise Verankerung f\u00fcr Handl\u00e4ufe in Holz oder Beton.\" \/>\n<meta name=\"robots\" content=\"noindex, follow, max-snippet:-1, max-image-preview:large, max-video-preview:-1\" \/>\n<meta property=\"og:locale\" content=\"en_US\" \/>\n<meta property=\"og:type\" content=\"article\" \/>\n<meta property=\"og:title\" content=\"ZIPBOLT\u2122 UT Post Anchor - Knapp Connectors\" \/>\n<meta property=\"og:description\" content=\"Verbinder f\u00fcr 90\u00b0 Handl\u00e4ufe im Treppenbau. Der ZIPBOLT\u2122 UT Post Anchor f\u00fcr schnelle, stabile und pr\u00e4zise Verankerung f\u00fcr Handl\u00e4ufe in Holz oder Beton.\" \/>\n<meta property=\"og:url\" content=\"https:\/\/www.knapp-verbinder.com\/en\/produkt\/zipbolt-ut-post-anchor\/\" \/>\n<meta property=\"og:site_name\" content=\"Knapp Connectors\" \/>\n<meta property=\"article:modified_time\" content=\"2025-02-28T10:17:56+00:00\" \/>\n<meta property=\"og:image\" content=\"https:\/\/www.knapp-verbinder.com\/wp-content\/uploads\/2023\/10\/z381-zipbolt-post-anchor-4c-produkt.jpg\" \/>\n\t<meta property=\"og:image:width\" content=\"600\" \/>\n\t<meta property=\"og:image:height\" content=\"600\" \/>\n\t<meta property=\"og:image:type\" content=\"image\/jpeg\" \/>\n<meta name=\"twitter:card\" content=\"summary_large_image\" \/>\n<meta name=\"twitter:label1\" content=\"Gesch\u00e4tzte Lesezeit\" \/>\n\t<meta name=\"twitter:data1\" content=\"1\u00a0Minute\" \/>\n<script type=\"application\/ld+json\" class=\"yoast-schema-graph\">{\"@context\":\"https:\/\/schema.org\",\"@graph\":[{\"@type\":\"WebPage\",\"@id\":\"https:\/\/www.knapp-verbinder.com\/en\/produkt\/zipbolt-ut-post-anchor\/\",\"url\":\"https:\/\/www.knapp-verbinder.com\/en\/produkt\/zipbolt-ut-post-anchor\/\",\"name\":\"ZIPBOLT\u2122 UT Post Anchor - Knapp Connectors\",\"isPartOf\":{\"@id\":\"https:\/\/knapp.fondalabs.dev\/#website\"},\"primaryImageOfPage\":{\"@id\":\"https:\/\/www.knapp-verbinder.com\/en\/produkt\/zipbolt-ut-post-anchor\/#primaryimage\"},\"image\":{\"@id\":\"https:\/\/www.knapp-verbinder.com\/en\/produkt\/zipbolt-ut-post-anchor\/#primaryimage\"},\"thumbnailUrl\":\"https:\/\/knapp.fondalabs.dev\/wp-content\/uploads\/2023\/10\/z381-zipbolt-post-anchor-4c-produkt.jpg\",\"datePublished\":\"2023-10-19T19:45:43+00:00\",\"dateModified\":\"2025-02-28T10:17:56+00:00\",\"description\":\"Verbinder f\u00fcr 90\u00b0 Handl\u00e4ufe im Treppenbau. Der ZIPBOLT\u2122 UT Post Anchor f\u00fcr schnelle, stabile und pr\u00e4zise Verankerung f\u00fcr Handl\u00e4ufe in Holz oder Beton.\",\"breadcrumb\":{\"@id\":\"https:\/\/www.knapp-verbinder.com\/en\/produkt\/zipbolt-ut-post-anchor\/#breadcrumb\"},\"inLanguage\":\"de\",\"potentialAction\":[{\"@type\":\"ReadAction\",\"target\":[\"https:\/\/www.knapp-verbinder.com\/en\/produkt\/zipbolt-ut-post-anchor\/\"]}]},{\"@type\":\"ImageObject\",\"inLanguage\":\"de\",\"@id\":\"https:\/\/www.knapp-verbinder.com\/en\/produkt\/zipbolt-ut-post-anchor\/#primaryimage\",\"url\":\"https:\/\/knapp.fondalabs.dev\/wp-content\/uploads\/2023\/10\/z381-zipbolt-post-anchor-4c-produkt.jpg\",\"contentUrl\":\"https:\/\/knapp.fondalabs.dev\/wp-content\/uploads\/2023\/10\/z381-zipbolt-post-anchor-4c-produkt.jpg\",\"width\":600,\"height\":600},{\"@type\":\"BreadcrumbList\",\"@id\":\"https:\/\/www.knapp-verbinder.com\/en\/produkt\/zipbolt-ut-post-anchor\/#breadcrumb\",\"itemListElement\":[{\"@type\":\"ListItem\",\"position\":1,\"name\":\"Startseite\",\"item\":\"https:\/\/www.knapp-verbinder.com\/en\/\"},{\"@type\":\"ListItem\",\"position\":2,\"name\":\"Shop\",\"item\":\"https:\/\/www.knapp-verbinder.com\/en\/shop\/\"},{\"@type\":\"ListItem\",\"position\":3,\"name\":\"ZIPBOLT\u2122 UT Post Anchor\"}]},{\"@type\":\"WebSite\",\"@id\":\"https:\/\/knapp.fondalabs.dev\/#website\",\"url\":\"https:\/\/knapp.fondalabs.dev\/\",\"name\":\"Knapp Connectors\",\"description\":\"wood connectors, timber construction engineering\",\"potentialAction\":[{\"@type\":\"SearchAction\",\"target\":{\"@type\":\"EntryPoint\",\"urlTemplate\":\"https:\/\/knapp.fondalabs.dev\/?s={search_term_string}\"},\"query-input\":{\"@type\":\"PropertyValueSpecification\",\"valueRequired\":true,\"valueName\":\"search_term_string\"}}],\"inLanguage\":\"de\"}]}<\/script>\n<!-- \/ Yoast SEO plugin. -->","yoast_head_json":{"title":"ZIPBOLT\u2122 UT Post Anchor - Knapp Connectors","description":"Verbinder f\u00fcr 90\u00b0 Handl\u00e4ufe im Treppenbau. Der ZIPBOLT\u2122 UT Post Anchor f\u00fcr schnelle, stabile und pr\u00e4zise Verankerung f\u00fcr Handl\u00e4ufe in Holz oder Beton.","robots":{"index":"noindex","follow":"follow","max-snippet":"max-snippet:-1","max-image-preview":"max-image-preview:large","max-video-preview":"max-video-preview:-1"},"og_locale":"en_US","og_type":"article","og_title":"ZIPBOLT\u2122 UT Post Anchor - Knapp Connectors","og_description":"Verbinder f\u00fcr 90\u00b0 Handl\u00e4ufe im Treppenbau. Der ZIPBOLT\u2122 UT Post Anchor f\u00fcr schnelle, stabile und pr\u00e4zise Verankerung f\u00fcr Handl\u00e4ufe in Holz oder Beton.","og_url":"https:\/\/www.knapp-verbinder.com\/en\/produkt\/zipbolt-ut-post-anchor\/","og_site_name":"Knapp Connectors","article_modified_time":"2025-02-28T10:17:56+00:00","og_image":[{"width":600,"height":600,"url":"https:\/\/www.knapp-verbinder.com\/wp-content\/uploads\/2023\/10\/z381-zipbolt-post-anchor-4c-produkt.jpg","type":"image\/jpeg"}],"twitter_card":"summary_large_image","twitter_misc":{"Gesch\u00e4tzte Lesezeit":"1\u00a0Minute"},"schema":{"@context":"https:\/\/schema.org","@graph":[{"@type":"WebPage","@id":"https:\/\/www.knapp-verbinder.com\/en\/produkt\/zipbolt-ut-post-anchor\/","url":"https:\/\/www.knapp-verbinder.com\/en\/produkt\/zipbolt-ut-post-anchor\/","name":"ZIPBOLT\u2122 UT Post Anchor - Knapp Connectors","isPartOf":{"@id":"https:\/\/knapp.fondalabs.dev\/#website"},"primaryImageOfPage":{"@id":"https:\/\/www.knapp-verbinder.com\/en\/produkt\/zipbolt-ut-post-anchor\/#primaryimage"},"image":{"@id":"https:\/\/www.knapp-verbinder.com\/en\/produkt\/zipbolt-ut-post-anchor\/#primaryimage"},"thumbnailUrl":"https:\/\/knapp.fondalabs.dev\/wp-content\/uploads\/2023\/10\/z381-zipbolt-post-anchor-4c-produkt.jpg","datePublished":"2023-10-19T19:45:43+00:00","dateModified":"2025-02-28T10:17:56+00:00","description":"Verbinder f\u00fcr 90\u00b0 Handl\u00e4ufe im Treppenbau. Der ZIPBOLT\u2122 UT Post Anchor f\u00fcr schnelle, stabile und pr\u00e4zise Verankerung f\u00fcr Handl\u00e4ufe in Holz oder Beton.","breadcrumb":{"@id":"https:\/\/www.knapp-verbinder.com\/en\/produkt\/zipbolt-ut-post-anchor\/#breadcrumb"},"inLanguage":"de","potentialAction":[{"@type":"ReadAction","target":["https:\/\/www.knapp-verbinder.com\/en\/produkt\/zipbolt-ut-post-anchor\/"]}]},{"@type":"ImageObject","inLanguage":"de","@id":"https:\/\/www.knapp-verbinder.com\/en\/produkt\/zipbolt-ut-post-anchor\/#primaryimage","url":"https:\/\/knapp.fondalabs.dev\/wp-content\/uploads\/2023\/10\/z381-zipbolt-post-anchor-4c-produkt.jpg","contentUrl":"https:\/\/knapp.fondalabs.dev\/wp-content\/uploads\/2023\/10\/z381-zipbolt-post-anchor-4c-produkt.jpg","width":600,"height":600},{"@type":"BreadcrumbList","@id":"https:\/\/www.knapp-verbinder.com\/en\/produkt\/zipbolt-ut-post-anchor\/#breadcrumb","itemListElement":[{"@type":"ListItem","position":1,"name":"Startseite","item":"https:\/\/www.knapp-verbinder.com\/en\/"},{"@type":"ListItem","position":2,"name":"Shop","item":"https:\/\/www.knapp-verbinder.com\/en\/shop\/"},{"@type":"ListItem","position":3,"name":"ZIPBOLT\u2122 UT Post Anchor"}]},{"@type":"WebSite","@id":"https:\/\/knapp.fondalabs.dev\/#website","url":"https:\/\/knapp.fondalabs.dev\/","name":"Knapp Connectors","description":"wood connectors, timber construction engineering","potentialAction":[{"@type":"SearchAction","target":{"@type":"EntryPoint","urlTemplate":"https:\/\/knapp.fondalabs.dev\/?s={search_term_string}"},"query-input":{"@type":"PropertyValueSpecification","valueRequired":true,"valueName":"search_term_string"}}],"inLanguage":"de"}]}},"_links":{"self":[{"href":"https:\/\/knapp.fondalabs.dev\/en\/wp-json\/wp\/v2\/product\/57052","targetHints":{"allow":["GET"]}}],"collection":[{"href":"https:\/\/knapp.fondalabs.dev\/en\/wp-json\/wp\/v2\/product"}],"about":[{"href":"https:\/\/knapp.fondalabs.dev\/en\/wp-json\/wp\/v2\/types\/product"}],"version-history":[{"count":5,"href":"https:\/\/knapp.fondalabs.dev\/en\/wp-json\/wp\/v2\/product\/57052\/revisions"}],"predecessor-version":[{"id":72732,"href":"https:\/\/knapp.fondalabs.dev\/en\/wp-json\/wp\/v2\/product\/57052\/revisions\/72732"}],"wp:featuredmedia":[{"embeddable":true,"href":"https:\/\/knapp.fondalabs.dev\/en\/wp-json\/wp\/v2\/media\/51954"}],"wp:attachment":[{"href":"https:\/\/knapp.fondalabs.dev\/en\/wp-json\/wp\/v2\/media?parent=57052"}],"wp:term":[{"taxonomy":"product_brand","embeddable":true,"href":"https:\/\/knapp.fondalabs.dev\/en\/wp-json\/wp\/v2\/product_brand?post=57052"},{"taxonomy":"product_cat","embeddable":true,"href":"https:\/\/knapp.fondalabs.dev\/en\/wp-json\/wp\/v2\/product_cat?post=57052"},{"taxonomy":"product_tag","embeddable":true,"href":"https:\/\/knapp.fondalabs.dev\/en\/wp-json\/wp\/v2\/product_tag?post=57052"}],"curies":[{"name":"wp","href":"https:\/\/api.w.org\/{rel}","templated":true}]}}