{"id":44065,"date":"2023-02-13T12:37:02","date_gmt":"2023-02-13T11:37:02","guid":{"rendered":"https:\/\/knapp.fondalabs.dev\/produkt\/vierkantmutter-m6-din562-galv-verzinkt\/"},"modified":"2023-02-13T12:53:01","modified_gmt":"2023-02-13T11:53:01","slug":"ecrous-carres-zingues-m6","status":"publish","type":"product","link":"https:\/\/knapp.fondalabs.dev\/fr\/produit\/ecrous-carres-zingues-m6\/","title":{"rendered":"\u00c9crous carr\u00e9s zingu\u00e9s M6"},"content":{"rendered":"","protected":false},"excerpt":{"rendered":"","protected":false},"featured_media":43955,"template":"","meta":{"_acf_changed":false,"footnotes":""},"product_brand":[],"product_cat":[512],"product_tag":[],"class_list":{"0":"post-44065","1":"product","2":"type-product","3":"status-publish","4":"has-post-thumbnail","6":"product_cat-unkategorisiert-fr","8":"first","9":"instock","10":"taxable","11":"shipping-taxable","12":"purchasable","13":"product-type-simple"},"acf":[],"yoast_head":"<!-- This site is optimized with the Yoast SEO plugin v25.8 - https:\/\/yoast.com\/wordpress\/plugins\/seo\/ -->\n<title>\u00c9crous carr\u00e9s zingu\u00e9s M6 - Knapp Connectors<\/title>\n<meta name=\"robots\" content=\"noindex, follow, max-snippet:-1, max-image-preview:large, max-video-preview:-1\" \/>\n<meta property=\"og:locale\" content=\"fr_FR\" \/>\n<meta property=\"og:type\" content=\"article\" \/>\n<meta property=\"og:title\" content=\"\u00c9crous carr\u00e9s zingu\u00e9s M6 - Knapp Connectors\" \/>\n<meta property=\"og:url\" content=\"https:\/\/www.knapp-verbinder.com\/fr\/produit\/ecrous-carres-zingues-m6\/\" \/>\n<meta property=\"og:site_name\" content=\"Knapp Connectors\" \/>\n<meta property=\"article:modified_time\" content=\"2023-02-13T11:53:01+00:00\" \/>\n<meta property=\"og:image\" content=\"https:\/\/www.knapp-verbinder.com\/wp-content\/uploads\/2023\/02\/z896-deklick-vierkantmutter-m6-din562-600x600-1.jpg\" \/>\n\t<meta property=\"og:image:width\" content=\"600\" \/>\n\t<meta property=\"og:image:height\" content=\"600\" \/>\n\t<meta property=\"og:image:type\" content=\"image\/jpeg\" \/>\n<meta name=\"twitter:card\" content=\"summary_large_image\" \/>\n<script type=\"application\/ld+json\" class=\"yoast-schema-graph\">{\"@context\":\"https:\/\/schema.org\",\"@graph\":[{\"@type\":\"WebPage\",\"@id\":\"https:\/\/www.knapp-verbinder.com\/fr\/produit\/ecrous-carres-zingues-m6\/\",\"url\":\"https:\/\/www.knapp-verbinder.com\/fr\/produit\/ecrous-carres-zingues-m6\/\",\"name\":\"\u00c9crous carr\u00e9s zingu\u00e9s M6 - Knapp Connectors\",\"isPartOf\":{\"@id\":\"https:\/\/knapp.fondalabs.dev\/#website\"},\"primaryImageOfPage\":{\"@id\":\"https:\/\/www.knapp-verbinder.com\/fr\/produit\/ecrous-carres-zingues-m6\/#primaryimage\"},\"image\":{\"@id\":\"https:\/\/www.knapp-verbinder.com\/fr\/produit\/ecrous-carres-zingues-m6\/#primaryimage\"},\"thumbnailUrl\":\"https:\/\/knapp.fondalabs.dev\/wp-content\/uploads\/2023\/02\/z896-deklick-vierkantmutter-m6-din562-600x600-1.jpg\",\"datePublished\":\"2023-02-13T11:37:02+00:00\",\"dateModified\":\"2023-02-13T11:53:01+00:00\",\"breadcrumb\":{\"@id\":\"https:\/\/www.knapp-verbinder.com\/fr\/produit\/ecrous-carres-zingues-m6\/#breadcrumb\"},\"inLanguage\":\"fr-FR\",\"potentialAction\":[{\"@type\":\"ReadAction\",\"target\":[\"https:\/\/www.knapp-verbinder.com\/fr\/produit\/ecrous-carres-zingues-m6\/\"]}]},{\"@type\":\"ImageObject\",\"inLanguage\":\"fr-FR\",\"@id\":\"https:\/\/www.knapp-verbinder.com\/fr\/produit\/ecrous-carres-zingues-m6\/#primaryimage\",\"url\":\"https:\/\/knapp.fondalabs.dev\/wp-content\/uploads\/2023\/02\/z896-deklick-vierkantmutter-m6-din562-600x600-1.jpg\",\"contentUrl\":\"https:\/\/knapp.fondalabs.dev\/wp-content\/uploads\/2023\/02\/z896-deklick-vierkantmutter-m6-din562-600x600-1.jpg\",\"width\":600,\"height\":600},{\"@type\":\"BreadcrumbList\",\"@id\":\"https:\/\/www.knapp-verbinder.com\/fr\/produit\/ecrous-carres-zingues-m6\/#breadcrumb\",\"itemListElement\":[{\"@type\":\"ListItem\",\"position\":1,\"name\":\"Startseite\",\"item\":\"https:\/\/www.knapp-verbinder.com\/fr\/\"},{\"@type\":\"ListItem\",\"position\":2,\"name\":\"Shop\",\"item\":\"https:\/\/www.knapp-verbinder.com\/fr\/shop\/\"},{\"@type\":\"ListItem\",\"position\":3,\"name\":\"\u00c9crous carr\u00e9s zingu\u00e9s M6\"}]},{\"@type\":\"WebSite\",\"@id\":\"https:\/\/knapp.fondalabs.dev\/#website\",\"url\":\"https:\/\/knapp.fondalabs.dev\/\",\"name\":\"Knapp Connectors\",\"description\":\"connecteurs bois, constructions bois g\u00e9nie civil\",\"potentialAction\":[{\"@type\":\"SearchAction\",\"target\":{\"@type\":\"EntryPoint\",\"urlTemplate\":\"https:\/\/knapp.fondalabs.dev\/?s={search_term_string}\"},\"query-input\":{\"@type\":\"PropertyValueSpecification\",\"valueRequired\":true,\"valueName\":\"search_term_string\"}}],\"inLanguage\":\"fr-FR\"}]}<\/script>\n<!-- \/ Yoast SEO plugin. -->","yoast_head_json":{"title":"\u00c9crous carr\u00e9s zingu\u00e9s M6 - Knapp Connectors","robots":{"index":"noindex","follow":"follow","max-snippet":"max-snippet:-1","max-image-preview":"max-image-preview:large","max-video-preview":"max-video-preview:-1"},"og_locale":"fr_FR","og_type":"article","og_title":"\u00c9crous carr\u00e9s zingu\u00e9s M6 - Knapp Connectors","og_url":"https:\/\/www.knapp-verbinder.com\/fr\/produit\/ecrous-carres-zingues-m6\/","og_site_name":"Knapp Connectors","article_modified_time":"2023-02-13T11:53:01+00:00","og_image":[{"width":600,"height":600,"url":"https:\/\/www.knapp-verbinder.com\/wp-content\/uploads\/2023\/02\/z896-deklick-vierkantmutter-m6-din562-600x600-1.jpg","type":"image\/jpeg"}],"twitter_card":"summary_large_image","schema":{"@context":"https:\/\/schema.org","@graph":[{"@type":"WebPage","@id":"https:\/\/www.knapp-verbinder.com\/fr\/produit\/ecrous-carres-zingues-m6\/","url":"https:\/\/www.knapp-verbinder.com\/fr\/produit\/ecrous-carres-zingues-m6\/","name":"\u00c9crous carr\u00e9s zingu\u00e9s M6 - Knapp Connectors","isPartOf":{"@id":"https:\/\/knapp.fondalabs.dev\/#website"},"primaryImageOfPage":{"@id":"https:\/\/www.knapp-verbinder.com\/fr\/produit\/ecrous-carres-zingues-m6\/#primaryimage"},"image":{"@id":"https:\/\/www.knapp-verbinder.com\/fr\/produit\/ecrous-carres-zingues-m6\/#primaryimage"},"thumbnailUrl":"https:\/\/knapp.fondalabs.dev\/wp-content\/uploads\/2023\/02\/z896-deklick-vierkantmutter-m6-din562-600x600-1.jpg","datePublished":"2023-02-13T11:37:02+00:00","dateModified":"2023-02-13T11:53:01+00:00","breadcrumb":{"@id":"https:\/\/www.knapp-verbinder.com\/fr\/produit\/ecrous-carres-zingues-m6\/#breadcrumb"},"inLanguage":"fr-FR","potentialAction":[{"@type":"ReadAction","target":["https:\/\/www.knapp-verbinder.com\/fr\/produit\/ecrous-carres-zingues-m6\/"]}]},{"@type":"ImageObject","inLanguage":"fr-FR","@id":"https:\/\/www.knapp-verbinder.com\/fr\/produit\/ecrous-carres-zingues-m6\/#primaryimage","url":"https:\/\/knapp.fondalabs.dev\/wp-content\/uploads\/2023\/02\/z896-deklick-vierkantmutter-m6-din562-600x600-1.jpg","contentUrl":"https:\/\/knapp.fondalabs.dev\/wp-content\/uploads\/2023\/02\/z896-deklick-vierkantmutter-m6-din562-600x600-1.jpg","width":600,"height":600},{"@type":"BreadcrumbList","@id":"https:\/\/www.knapp-verbinder.com\/fr\/produit\/ecrous-carres-zingues-m6\/#breadcrumb","itemListElement":[{"@type":"ListItem","position":1,"name":"Startseite","item":"https:\/\/www.knapp-verbinder.com\/fr\/"},{"@type":"ListItem","position":2,"name":"Shop","item":"https:\/\/www.knapp-verbinder.com\/fr\/shop\/"},{"@type":"ListItem","position":3,"name":"\u00c9crous carr\u00e9s zingu\u00e9s M6"}]},{"@type":"WebSite","@id":"https:\/\/knapp.fondalabs.dev\/#website","url":"https:\/\/knapp.fondalabs.dev\/","name":"Knapp Connectors","description":"connecteurs bois, constructions bois g\u00e9nie civil","potentialAction":[{"@type":"SearchAction","target":{"@type":"EntryPoint","urlTemplate":"https:\/\/knapp.fondalabs.dev\/?s={search_term_string}"},"query-input":{"@type":"PropertyValueSpecification","valueRequired":true,"valueName":"search_term_string"}}],"inLanguage":"fr-FR"}]}},"_links":{"self":[{"href":"https:\/\/knapp.fondalabs.dev\/fr\/wp-json\/wp\/v2\/product\/44065","targetHints":{"allow":["GET"]}}],"collection":[{"href":"https:\/\/knapp.fondalabs.dev\/fr\/wp-json\/wp\/v2\/product"}],"about":[{"href":"https:\/\/knapp.fondalabs.dev\/fr\/wp-json\/wp\/v2\/types\/product"}],"version-history":[{"count":2,"href":"https:\/\/knapp.fondalabs.dev\/fr\/wp-json\/wp\/v2\/product\/44065\/revisions"}],"predecessor-version":[{"id":44081,"href":"https:\/\/knapp.fondalabs.dev\/fr\/wp-json\/wp\/v2\/product\/44065\/revisions\/44081"}],"wp:featuredmedia":[{"embeddable":true,"href":"https:\/\/knapp.fondalabs.dev\/fr\/wp-json\/wp\/v2\/media\/43955"}],"wp:attachment":[{"href":"https:\/\/knapp.fondalabs.dev\/fr\/wp-json\/wp\/v2\/media?parent=44065"}],"wp:term":[{"taxonomy":"product_brand","embeddable":true,"href":"https:\/\/knapp.fondalabs.dev\/fr\/wp-json\/wp\/v2\/product_brand?post=44065"},{"taxonomy":"product_cat","embeddable":true,"href":"https:\/\/knapp.fondalabs.dev\/fr\/wp-json\/wp\/v2\/product_cat?post=44065"},{"taxonomy":"product_tag","embeddable":true,"href":"https:\/\/knapp.fondalabs.dev\/fr\/wp-json\/wp\/v2\/product_tag?post=44065"}],"curies":[{"name":"wp","href":"https:\/\/api.w.org\/{rel}","templated":true}]}}